{"id":143,"date":"2022-04-19T19:58:16","date_gmt":"2022-04-19T17:58:16","guid":{"rendered":"https:\/\/fittforradalom.hu\/zs\/?page_id=143"},"modified":"2022-04-19T20:51:00","modified_gmt":"2022-04-19T18:51:00","slug":"letoltes","status":"publish","type":"page","link":"https:\/\/fittforradalom.hu\/zs\/letoltheto-anyag-zs-utmutato-a-vitalitashoz\/letoltes\/","title":{"rendered":"Let\u00f6lt\u00e9s"},"content":{"rendered":"<div id='av_section_1'  class='avia-section alternate_color avia-section-default avia-no-border-styling  avia-full-stretch av-section-color-overlay-active avia-bg-style-scroll  avia-builder-el-0  avia-builder-el-no-sibling   av-minimum-height av-minimum-height-100  container_wrap sidebar_right' style='background-repeat: no-repeat; background-image: url(https:\/\/fittforradalom.hu\/zs\/wp-content\/uploads\/sites\/4\/2022\/04\/fruit-gd359b16cd_1920.jpg);background-attachment: scroll; background-position: bottom center;  '  data-section-bg-repeat='stretch' data-av_minimum_height_pc='100'><div class='av-section-color-overlay-wrap'><div class='av-section-color-overlay' style='opacity: 0.5; background-color: #ffffff; '><\/div><div class='container' ><main  role=\"main\" itemprop=\"mainContentOfPage\"  class='template-page content  av-content-small alpha units'><div class='post-entry post-entry-type-page post-entry-143'><div class='entry-content-wrapper clearfix'>\n<div class=\"flex_column av_one_fifth  flex_column_div av-zero-column-padding first  avia-builder-el-1  el_before_av_three_fifth  avia-builder-el-first  \" style='border-radius:0px; '><\/div><div class=\"flex_column av_three_fifth  flex_column_div   avia-builder-el-2  el_after_av_one_fifth  el_before_av_one_fifth  \" style='background: #ebebeb; border-width:3px; border-color:#213218; border-style:solid; box-shadow: 0 0 15px 0 #265229; padding:20px; background-color:#ebebeb; border-radius:4px; '><p><section class=\"av_textblock_section \"  itemscope=\"itemscope\" itemtype=\"https:\/\/schema.org\/CreativeWork\" ><div class='avia_textblock  '   itemprop=\"text\" ><p><img decoding=\"async\"  src=\"https:\/\/fittforradalom.hu\/wp-content\/uploads\/2020\/10\/FITTFORRADALOM4_vagott_border.png\" alt=\"\" width=\"200\" height=\"79\" class=\"aligncenter wp-image-65 no-lazyload\" \/><\/p>\n<\/div><\/section><br \/>\n<div  style='padding-bottom:0px; ' class='av-special-heading av-special-heading-h2  blockquote modern-quote modern-centered  avia-builder-el-4  el_after_av_textblock  el_before_av_codeblock  '><div class ='av-subheading av-subheading_above  ' style='font-size:19px;'><p>\u00daTMUTAT\u00d3 A VITALIT\u00c1SHOZ<\/p>\n<\/div><h2 class='av-special-heading-tag '  itemprop=\"headline\"  >K\u00e9rlek add meg, hov\u00e1 k\u00fcldhetem az ingyenes ismeretterjeszt\u0151 tanulm\u00e1nyt!<\/h2><div class='special-heading-border'><div class='special-heading-inner-border' ><\/div><\/div><\/div><br \/>\n<\/p><\/div><div class=\"flex_column av_one_fifth  flex_column_div av-zero-column-padding   avia-builder-el-6  el_after_av_three_fifth  avia-builder-el-last  \" style='border-radius:0px; '><\/div><\/div><\/div><\/main><!-- close content main element --><\/div><\/div><\/div><div id='after_section_1'  class='main_color av_default_container_wrap container_wrap sidebar_right' style=' '  ><div class='container' ><div class='template-page content  av-content-small alpha units'><div class='post-entry post-entry-type-page post-entry-143'><div class='entry-content-wrapper clearfix'>\n","protected":false},"excerpt":{"rendered":"","protected":false},"author":2,"featured_media":0,"parent":133,"menu_order":0,"comment_status":"closed","ping_status":"closed","template":"","meta":{"rank_math_lock_modified_date":false,"footnotes":""},"_links":{"self":[{"href":"https:\/\/fittforradalom.hu\/zs\/wp-json\/wp\/v2\/pages\/143"}],"collection":[{"href":"https:\/\/fittforradalom.hu\/zs\/wp-json\/wp\/v2\/pages"}],"about":[{"href":"https:\/\/fittforradalom.hu\/zs\/wp-json\/wp\/v2\/types\/page"}],"author":[{"embeddable":true,"href":"https:\/\/fittforradalom.hu\/zs\/wp-json\/wp\/v2\/users\/2"}],"replies":[{"embeddable":true,"href":"https:\/\/fittforradalom.hu\/zs\/wp-json\/wp\/v2\/comments?post=143"}],"version-history":[{"count":7,"href":"https:\/\/fittforradalom.hu\/zs\/wp-json\/wp\/v2\/pages\/143\/revisions"}],"predecessor-version":[{"id":178,"href":"https:\/\/fittforradalom.hu\/zs\/wp-json\/wp\/v2\/pages\/143\/revisions\/178"}],"up":[{"embeddable":true,"href":"https:\/\/fittforradalom.hu\/zs\/wp-json\/wp\/v2\/pages\/133"}],"wp:attachment":[{"href":"https:\/\/fittforradalom.hu\/zs\/wp-json\/wp\/v2\/media?parent=143"}],"curies":[{"name":"wp","href":"https:\/\/api.w.org\/{rel}","templated":true}]}}