{"id":60,"date":"2021-06-03T10:15:17","date_gmt":"2021-06-03T10:15:17","guid":{"rendered":"https:\/\/fittforradalom.hu\/zs\/?page_id=60"},"modified":"2021-06-03T11:53:31","modified_gmt":"2021-06-03T11:53:31","slug":"letoltheto-anyag-zs-gyumolcsok-zoldsegek-olajok-es-a-3-testor","status":"publish","type":"page","link":"https:\/\/fittforradalom.hu\/zs\/letoltheto-anyag-zs-gyumolcsok-zoldsegek-olajok-es-a-3-testor\/","title":{"rendered":"Let\u00f6lthet\u0151 anyag &#8211; Gy\u00fcm\u00f6lcs\u00f6k, z\u00f6lds\u00e9gek, olajok \u00e9s a 3 TEST\u0150R"},"content":{"rendered":"<div id='av_section_1'  class='avia-section main_color avia-section-no-padding avia-no-border-styling  avia-bg-style-scroll  avia-builder-el-0  avia-builder-el-no-sibling   container_wrap sidebar_right' style=' '  ><div class='container' ><main  role=\"main\" itemprop=\"mainContentOfPage\"  class='template-page content  av-content-small alpha units'><div class='post-entry post-entry-type-page post-entry-60'><div class='entry-content-wrapper clearfix'>\n<div  style='height:1px; margin-top:-90px'  class='hr hr-invisible  av-small-hide av-mini-hide  avia-builder-el-1  el_before_av_heading  avia-builder-el-first '><span class='hr-inner ' ><span class='hr-inner-style'><\/span><\/span><\/div>\n<div  style='padding-bottom:15px; ' class='av-special-heading av-special-heading-h1  blockquote modern-quote modern-centered  avia-builder-el-2  el_after_av_hr  el_before_av_hr  '><div class ='av-subheading av-subheading_above  ' style='font-size:15px;'><p>Iratkozz fel, \u00e9s legyen Ti\u00e9d az al\u00e1bbi, LET\u00d6LTHET\u0150 ISMERETTERJESZT\u0150<\/p>\n<\/div><h1 class='av-special-heading-tag '  itemprop=\"headline\"  >Gy\u00fcm\u00f6lcs\u00f6k, z\u00f6lds\u00e9gek, olajok \u00e9s a 3 TEST\u0150R<\/h1><div class='special-heading-border'><div class='special-heading-inner-border' ><\/div><\/div><\/div>\n<div  style='height:1px; margin-top:-60px'  class='hr hr-invisible  av-small-hide av-mini-hide  avia-builder-el-3  el_after_av_heading  el_before_av_one_full '><span class='hr-inner ' ><span class='hr-inner-style'><\/span><\/span><\/div>\n<div class=\"flex_column av_one_full  flex_column_div av-zero-column-padding first  avia-builder-el-4  el_after_av_hr  el_before_av_two_third  \" style='border-radius:0px; '><div  class='avia-image-container avia_animated_image avia_animate_when_almost_visible fade-in av-styling-   av-desktop-hide av-medium-hide  avia-builder-el-5  avia-builder-el-no-sibling  avia-align-center '  itemprop=\"image\" itemscope=\"itemscope\" itemtype=\"https:\/\/schema.org\/ImageObject\"  ><div class='avia-image-container-inner'><div class='avia-image-overlay-wrap'><a href=\"https:\/\/fittforradalom.hu\/zs\/letoltheto-anyag-zs-gyumolcsok-zoldsegek-olajok-es-a-3-testor\/letoltes\/\" class='avia_image' ><img decoding=\"async\" width=\"665\" height=\"940\"  src=\"https:\/\/fittforradalom.hu\/zs\/wp-content\/uploads\/sites\/4\/2021\/06\/ZS_3TESTOR_940.jpg\" alt='' title='ZS_3TESTOR_940'  itemprop=\"thumbnailUrl\" srcset=\"https:\/\/fittforradalom.hu\/zs\/wp-content\/uploads\/sites\/4\/2021\/06\/ZS_3TESTOR_940.jpg 665w, https:\/\/fittforradalom.hu\/zs\/wp-content\/uploads\/sites\/4\/2021\/06\/ZS_3TESTOR_940-212x300.jpg 212w, https:\/\/fittforradalom.hu\/zs\/wp-content\/uploads\/sites\/4\/2021\/06\/ZS_3TESTOR_940-499x705.jpg 499w\" sizes=\"(max-width: 665px) 100vw, 665px\" class=\"wp-image-64 avia-img-lazy-loading-not-64 avia_image no-lazyload\" \/><\/a><\/div><\/div><\/div><\/div><div class=\"flex_column av_two_third  flex_column_div av-zero-column-padding first  avia-builder-el-6  el_after_av_one_full  el_before_av_one_third  column-top-margin\" style='border-radius:0px; '><p><section class=\"av_textblock_section \"  itemscope=\"itemscope\" itemtype=\"https:\/\/schema.org\/CreativeWork\" ><div class='avia_textblock justified-text '   itemprop=\"text\" ><p><strong>Fogyasszunk t\u00f6bb nyers z\u00f6lds\u00e9get, friss gy\u00fcm\u00f6lcs\u00f6t, \u00e9s j\u00f3 min\u0151s\u00e9g\u0171, hidegen sajtolt n\u00f6v\u00e9nyi olajokat szervezet\u00fcnk homeoszt\u00e1zis\u00e1nak, \u00f6nszab\u00e1lyoz\u00f3 m\u0171k\u00f6d\u00e9s\u00e9nek meg\u0151rz\u00e9se c\u00e9lj\u00e1b\u00f3l!<\/strong><\/p>\n<p><span class=\"JsGRdQ\">Nem mindegy, honnan vessz\u00fck a sz\u00fcks\u00e9ges mikrot\u00e1panyagokat a szervezet\u00fcnket fel\u00e9p\u00edt\u0151 <strong>t\u00f6bb, mint 300 milli\u00e1rd<\/strong> sejthez!<\/span> Eleged van m\u00e1r a gyomorforgat\u00f3 kapszul\u00e1kb\u00f3l, tablett\u00e1kb\u00f3l? <strong>Term\u00e9szetesre<\/strong> \u00e9s <strong>hat\u00e9konyra<\/strong> v\u00e1gysz?<\/p>\n<p>Ismerkedj meg Te is a 3 Test\u0151rrel, amelyben <strong>tiszt\u00e1n \u00e9s t\u00f6m\u00e9nyen<\/strong> tal\u00e1lkozhatsz a legt\u00f6bb n\u00f6v\u00e9nyi alkot\u00f3elemmel, amelyre a szervezetednek sz\u00fcks\u00e9ge van, r\u00e1ad\u00e1sul mindezt hozz\u00e1adott cukor-, v\u00edz-, adal\u00e9kanyag-, t\u00e9rfogatn\u00f6vel\u0151-, \u00e1llom\u00e1nyjav\u00edt\u00f3-, tart\u00f3s\u00edt\u00f3szer-, sz\u00ednez\u00e9k-, taurin-, valamint vegyszer-, GMO- \u00e9s h\u0151kezel\u00e9s-mentes form\u00e1ban!<\/p>\n<\/div><\/section><br \/>\n<div  style='height:1px; margin-top:-30px'  class='hr hr-invisible   avia-builder-el-8  el_after_av_textblock  el_before_av_heading '><span class='hr-inner ' ><span class='hr-inner-style'><\/span><\/span><\/div><br \/>\n<div  style='padding-bottom:0px; ' class='av-special-heading av-special-heading-h2  blockquote modern-quote  avia-builder-el-9  el_after_av_hr  el_before_av_hr  '><h2 class='av-special-heading-tag '  itemprop=\"headline\"  >Mi mindent tal\u00e1lsz a Gy\u00fcm\u00f6lcs\u00f6k, z\u00f6lds\u00e9gek, olajok \u00e9s a 3 TEST\u0150R kisokosban?<\/h2><div class='special-heading-border'><div class='special-heading-inner-border' ><\/div><\/div><\/div><br \/>\n<div  style='height:1px; margin-top:-15px'  class='hr hr-invisible   avia-builder-el-10  el_after_av_heading  el_before_av_iconlist '><span class='hr-inner ' ><span class='hr-inner-style'><\/span><\/span><\/div><br \/>\n<div  class='avia-icon-list-container   avia-builder-el-11  el_after_av_hr  avia-builder-el-last '><ul class='avia-icon-list avia-icon-list-left av-iconlist-small avia_animate_when_almost_visible avia-iconlist-animate'>\n<li><div  style='background-color:#265229; color:#ffefdb; ' class='iconlist_icon  avia-font-entypo-fontello'><span class='iconlist-char ' aria-hidden='true' data-av_icon='\ue812' data-av_iconfont='entypo-fontello'><\/span><\/div><article class=\"article-icon-entry \"  itemscope=\"itemscope\" itemtype=\"https:\/\/schema.org\/CreativeWork\" ><div class='iconlist_content_wrap'><header class=\"entry-content-header\"><\/header><div class='iconlist_content  '  itemprop=\"text\"  ><p>Mik a polifenolok, <strong>flavonoidok<\/strong>, \u00e9s hogyan hatnak?<\/p>\n<\/div><\/div><footer class=\"entry-footer\"><\/footer><\/article><div class='iconlist-timeline'><\/div><\/li>\n<li><div  style='background-color:#265229; color:#ffefdb; ' class='iconlist_icon  avia-font-entypo-fontello'><span class='iconlist-char ' aria-hidden='true' data-av_icon='\ue812' data-av_iconfont='entypo-fontello'><\/span><\/div><article class=\"article-icon-entry \"  itemscope=\"itemscope\" itemtype=\"https:\/\/schema.org\/CreativeWork\" ><div class='iconlist_content_wrap'><header class=\"entry-content-header\"><\/header><div class='iconlist_content  '  itemprop=\"text\"  ><p>Zs\u00edrban \u00e9s v\u00edzben old\u00f3d\u00f3 <strong>vitaminokr\u00f3l<\/strong><\/p>\n<\/div><\/div><footer class=\"entry-footer\"><\/footer><\/article><div class='iconlist-timeline'><\/div><\/li>\n<li><div  style='background-color:#265229; color:#ffefdb; ' class='iconlist_icon  avia-font-entypo-fontello'><span class='iconlist-char ' aria-hidden='true' data-av_icon='\ue812' data-av_iconfont='entypo-fontello'><\/span><\/div><article class=\"article-icon-entry \"  itemscope=\"itemscope\" itemtype=\"https:\/\/schema.org\/CreativeWork\" ><div class='iconlist_content_wrap'><header class=\"entry-content-header\"><\/header><div class='iconlist_content  '  itemprop=\"text\"  ><p>Olajok, esszenci\u00e1lis <strong>zs\u00edrsavak<\/strong> \u00e9s el\u0151ny\u00f6s hat\u00e1saik<\/p>\n<\/div><\/div><footer class=\"entry-footer\"><\/footer><\/article><div class='iconlist-timeline'><\/div><\/li>\n<li><div  style='background-color:#265229; color:#ffefdb; ' class='iconlist_icon  avia-font-entypo-fontello'><span class='iconlist-char ' aria-hidden='true' data-av_icon='\ue812' data-av_iconfont='entypo-fontello'><\/span><\/div><article class=\"article-icon-entry \"  itemscope=\"itemscope\" itemtype=\"https:\/\/schema.org\/CreativeWork\" ><div class='iconlist_content_wrap'><header class=\"entry-content-header\"><\/header><div class='iconlist_content  '  itemprop=\"text\"  ><p>A 3 TEST\u0150R: egy szuperpr\u00e9mium, <strong>100% MAGYAR<\/strong> term\u00e9kcsal\u00e1d 3 tagja, melyben <strong>tiszt\u00e1n \u00e9s koncentr\u00e1ltan<\/strong> vannak jelen a n\u00f6v\u00e9nyi hat\u00f3anyagok<\/p>\n<\/div><\/div><footer class=\"entry-footer\"><\/footer><\/article><div class='iconlist-timeline'><\/div><\/li>\n<li><div  style='background-color:#265229; color:#ffefdb; ' class='iconlist_icon  avia-font-entypo-fontello'><span class='iconlist-char ' aria-hidden='true' data-av_icon='\ue812' data-av_iconfont='entypo-fontello'><\/span><\/div><article class=\"article-icon-entry \"  itemscope=\"itemscope\" itemtype=\"https:\/\/schema.org\/CreativeWork\" ><div class='iconlist_content_wrap'><header class=\"entry-content-header\"><\/header><div class='iconlist_content  '  itemprop=\"text\"  ><p><strong>B\u00f3nusz<\/strong>: n\u00e9h\u00e1ny olaj el\u0151ny\u00f6s hat\u00e1sainak kir\u00e9szletez\u00e9se<\/p>\n<\/div><\/div><footer class=\"entry-footer\"><\/footer><\/article><div class='iconlist-timeline'><\/div><\/li>\n<\/ul><\/div><\/p><\/div><div class=\"flex_column av_one_third  av-hide-on-mobile  flex_column_div av-zero-column-padding   avia-builder-el-12  el_after_av_two_third  el_before_av_iconlist  column-top-margin\" style='box-shadow: 0 0 10px 0 #171e2f; border-radius:0px; '><div  class='avia-image-container avia_animated_image avia_animate_when_almost_visible fade-in av-styling-    avia-builder-el-13  avia-builder-el-no-sibling  avia-align-center '  itemprop=\"image\" itemscope=\"itemscope\" itemtype=\"https:\/\/schema.org\/ImageObject\"  ><div class='avia-image-container-inner'><div class='avia-image-overlay-wrap'><a href=\"https:\/\/fittforradalom.hu\/zs\/letoltheto-anyag-zs-gyumolcsok-zoldsegek-olajok-es-a-3-testor\/letoltes\/\" class='avia_image' ><img decoding=\"async\" width=\"665\" height=\"940\"  src=\"https:\/\/fittforradalom.hu\/zs\/wp-content\/uploads\/sites\/4\/2021\/06\/ZS_3TESTOR_940.jpg\" alt='' title='ZS_3TESTOR_940'  itemprop=\"thumbnailUrl\" srcset=\"https:\/\/fittforradalom.hu\/zs\/wp-content\/uploads\/sites\/4\/2021\/06\/ZS_3TESTOR_940.jpg 665w, https:\/\/fittforradalom.hu\/zs\/wp-content\/uploads\/sites\/4\/2021\/06\/ZS_3TESTOR_940-212x300.jpg 212w, https:\/\/fittforradalom.hu\/zs\/wp-content\/uploads\/sites\/4\/2021\/06\/ZS_3TESTOR_940-499x705.jpg 499w\" sizes=\"(max-width: 665px) 100vw, 665px\" class=\"wp-image-64 avia-img-lazy-loading-not-64 avia_image no-lazyload\" \/><\/a><\/div><\/div><\/div><\/div><div  class='avia-icon-list-container   avia-builder-el-14  el_after_av_one_third  el_before_av_hr '><ul class='avia-icon-list avia-icon-list-left av-iconlist-small avia_animate_when_almost_visible avia-iconlist-animate'>\n<li><div  style='background-color:#265229; color:#ffefdb; ' class='iconlist_icon  avia-font-entypo-fontello'><span class='iconlist-char ' aria-hidden='true' data-av_icon='\ue812' data-av_iconfont='entypo-fontello'><\/span><\/div><article class=\"article-icon-entry \"  itemscope=\"itemscope\" itemtype=\"https:\/\/schema.org\/CreativeWork\" ><div class='iconlist_content_wrap'><header class=\"entry-content-header\"><\/header><div class='iconlist_content  '  itemprop=\"text\"  ><p>A let\u00f6lt\u00e9st k\u00f6vet\u0151en fogsz kapni t\u0151lem tov\u00e1bbi hasznos inf\u00f3kat n\u00f6v\u00e9nyi hat\u00f3anyagok, eg\u00e9szs\u00e9gmeg\u0151rz\u00e9s t\u00e9m\u00e1ban, valamint seg\u00edt\u0151 \u00fatmutat\u00e1sokat \u00e9s kiemelt aj\u00e1nlatokat is<\/p>\n<\/div><\/div><footer class=\"entry-footer\"><\/footer><\/article><div class='iconlist-timeline'><\/div><\/li>\n<\/ul><\/div>\n<div  style='height:1px; margin-top:-45px'  class='hr hr-invisible   avia-builder-el-15  el_after_av_iconlist  el_before_av_textblock '><span class='hr-inner ' ><span class='hr-inner-style'><\/span><\/span><\/div>\n<section class=\"av_textblock_section \"  itemscope=\"itemscope\" itemtype=\"https:\/\/schema.org\/CreativeWork\" ><div class='avia_textblock justified-text '   itemprop=\"text\" ><p><strong>V\u00e1gjunk is bele, t\u00f6ltsd le a gombra kattintva a Gy\u00fcm\u00f6lcs\u00f6k, z\u00f6lds\u00e9gek, olajok \u00e9s a 3 TEST\u0150R ismeretterjeszt\u0151 kisokost!<\/strong><\/p>\n<\/div><\/section>\n<div  style='height:1px; margin-top:-60px'  class='hr hr-invisible   avia-builder-el-17  el_after_av_textblock  el_before_av_one_fifth '><span class='hr-inner ' ><span class='hr-inner-style'><\/span><\/span><\/div>\n<div class='flex_column_table av-equal-height-column-flextable -flextable' ><div class=\"flex_column av_one_fifth  av-hide-on-mobile  no_margin flex_column_table_cell av-equal-height-column av-align-middle avia-link-column av-column-link first  avia-builder-el-18  el_after_av_hr  el_before_av_four_fifth  \" style='background: #a15f0e; padding:10px; background-color:#a15f0e; border-radius:0px; ' data-link-column-url=\"https:\/\/fittforradalom.hu\/zs\/letoltheto-anyag-zs-gyumolcsok-zoldsegek-olajok-es-a-3-testor\/letoltes\/\" ><a class=\"av-screen-reader-only\" href=https:\/\/fittforradalom.hu\/zs\/letoltheto-anyag-zs-gyumolcsok-zoldsegek-olajok-es-a-3-testor\/letoltes\/ >Link to: Let\u00f6lt\u00e9s<\/a><div  class='avia-image-container avia_animated_image avia_animate_when_almost_visible pop-up av-styling-    avia-builder-el-19  avia-builder-el-no-sibling  avia-align-center '  itemprop=\"image\" itemscope=\"itemscope\" itemtype=\"https:\/\/schema.org\/ImageObject\"  ><div class='avia-image-container-inner'><div class='avia-image-overlay-wrap'><img decoding=\"async\"  src=\"https:\/\/fittforradalom.hu\/zs\/wp-content\/uploads\/sites\/4\/2021\/06\/kelly-sikkema-UaO58q6ioxI-unsplash_150.jpg\" alt='' title='kelly-sikkema-UaO58q6ioxI-unsplash_150' height=\"150\" width=\"226\"  itemprop=\"thumbnailUrl\" class=\"wp-image-77 avia-img-lazy-loading-not-77 avia_image no-lazyload\" \/><\/div><\/div><\/div><\/div><div class=\"flex_column av_four_fifth  no_margin flex_column_table_cell av-equal-height-column av-align-middle avia-link-column av-column-link   avia-builder-el-20  el_after_av_one_fifth  el_before_av_hr  \" style='background: #a15f0e; padding:10px 45px 10px 30px ; background-color:#a15f0e; border-radius:0px; ' data-link-column-url=\"https:\/\/fittforradalom.hu\/zs\/letoltheto-anyag-zs-gyumolcsok-zoldsegek-olajok-es-a-3-testor\/letoltes\/\" ><a class=\"av-screen-reader-only\" href=https:\/\/fittforradalom.hu\/zs\/letoltheto-anyag-zs-gyumolcsok-zoldsegek-olajok-es-a-3-testor\/letoltes\/ >Link to: Let\u00f6lt\u00e9s<\/a><p><div  class='avia-image-container avia_animated_image avia_animate_when_almost_visible pop-up av-styling-   av-desktop-hide av-medium-hide  avia-builder-el-21  el_before_av_hr  avia-builder-el-first  avia-align-center '  itemprop=\"image\" itemscope=\"itemscope\" itemtype=\"https:\/\/schema.org\/ImageObject\"  ><div class='avia-image-container-inner'><div class='avia-image-overlay-wrap'><img decoding=\"async\"  src=\"https:\/\/fittforradalom.hu\/zs\/wp-content\/uploads\/sites\/4\/2021\/06\/kelly-sikkema-UaO58q6ioxI-unsplash_90.jpg\" alt='' title='kelly-sikkema-UaO58q6ioxI-unsplash_90' height=\"90\" width=\"136\"  itemprop=\"thumbnailUrl\" class=\"wp-image-76 avia-img-lazy-loading-not-76 avia_image no-lazyload\" \/><\/div><\/div><\/div><br \/>\n<div  style='height:10px' class='hr hr-invisible  av-desktop-hide av-medium-hide  avia-builder-el-22  el_after_av_image  el_before_av_button_big  avia-builder-el-last '><span class='hr-inner ' ><span class='hr-inner-style'><\/span><\/span><\/div><br \/>\n<div  class='avia-button-wrap avia-button-center  avia-builder-el-23  el_after_av_hr  avia-builder-el-last ' ><a href='https:\/\/fittforradalom.hu\/zs\/letoltheto-anyag-zs-gyumolcsok-zoldsegek-olajok-es-a-3-testor\/letoltes\/' class='avia-button avia-button-fullwidth  avia-font-color-theme-color avia-icon_select-no avia-color-custom '  style='background-color:#a15f0e; ' ><span class='avia_iconbox_title' >LET\u00d6LT\u00d6M AZ AJ\u00c1ND\u00c9K \u00d6SSZEFOGLAL\u00d3T!<\/span><span class='avia_button_background avia-button avia-button-fullwidth avia-color-custom' style='background-color:#bd8847;'><\/span><\/a><\/div><\/p><\/div><\/div><!--close column table wrapper. Autoclose: 1 --><div  style='height:30px' class='hr hr-invisible   avia-builder-el-24  el_after_av_four_fifth  avia-builder-el-last '><span class='hr-inner ' ><span class='hr-inner-style'><\/span><\/span><\/div>\n<\/div><\/div><\/main><!-- close content main element --><\/div><\/div><div id='after_section_1'  class='main_color av_default_container_wrap container_wrap sidebar_right' style=' '  ><div class='container' ><div class='template-page content  av-content-small alpha units'><div class='post-entry post-entry-type-page post-entry-60'><div class='entry-content-wrapper clearfix'>\n","protected":false},"excerpt":{"rendered":"","protected":false},"author":2,"featured_media":0,"parent":0,"menu_order":0,"comment_status":"closed","ping_status":"closed","template":"","meta":{"rank_math_lock_modified_date":false,"footnotes":""},"_links":{"self":[{"href":"https:\/\/fittforradalom.hu\/zs\/wp-json\/wp\/v2\/pages\/60"}],"collection":[{"href":"https:\/\/fittforradalom.hu\/zs\/wp-json\/wp\/v2\/pages"}],"about":[{"href":"https:\/\/fittforradalom.hu\/zs\/wp-json\/wp\/v2\/types\/page"}],"author":[{"embeddable":true,"href":"https:\/\/fittforradalom.hu\/zs\/wp-json\/wp\/v2\/users\/2"}],"replies":[{"embeddable":true,"href":"https:\/\/fittforradalom.hu\/zs\/wp-json\/wp\/v2\/comments?post=60"}],"version-history":[{"count":15,"href":"https:\/\/fittforradalom.hu\/zs\/wp-json\/wp\/v2\/pages\/60\/revisions"}],"predecessor-version":[{"id":141,"href":"https:\/\/fittforradalom.hu\/zs\/wp-json\/wp\/v2\/pages\/60\/revisions\/141"}],"wp:attachment":[{"href":"https:\/\/fittforradalom.hu\/zs\/wp-json\/wp\/v2\/media?parent=60"}],"curies":[{"name":"wp","href":"https:\/\/api.w.org\/{rel}","templated":true}]}}